{"id":81,"date":"2019-07-31T12:30:02","date_gmt":"2019-07-31T10:30:02","guid":{"rendered":"https:\/\/grafixerin.com\/?page_id=81"},"modified":"2026-02-03T12:44:37","modified_gmt":"2026-02-03T11:44:37","slug":"portfolio","status":"publish","type":"page","link":"https:\/\/grafixerin.com\/?page_id=81","title":{"rendered":"PORTFOLIO"},"content":{"rendered":"<p>[et_pb_section fb_built=&#8220;1&#8243; _builder_version=&#8220;4.24.3&#8243; background_image=&#8220;https:\/\/grafixerin.com\/wp-content\/uploads\/2024\/04\/stripes.webp&#8220; hover_enabled=&#8220;0&#8243; global_colors_info=&#8220;{}&#8220; background_size=&#8220;initial&#8220; background_position=&#8220;top_left&#8220; background_repeat=&#8220;repeat&#8220; sticky_enabled=&#8220;0&#8243;][et_pb_row _builder_version=&#8220;4.16&#8243; global_colors_info=&#8220;{}&#8220;][et_pb_column type=&#8220;4_4&#8243; _builder_version=&#8220;4.16&#8243; global_colors_info=&#8220;{}&#8220;][et_pb_text _builder_version=&#8220;4.24.3&#8243; background_color=&#8220;#ffffff&#8220; background_enable_image=&#8220;off&#8220; parallax=&#8220;on&#8220; text_orientation=&#8220;right&#8220; custom_padding=&#8220;100px|100px|||false|false&#8220; hover_enabled=&#8220;0&#8243; text_text_align=&#8220;right&#8220; global_colors_info=&#8220;{}&#8220; sticky_enabled=&#8220;0&#8243;]<\/p>\n<h1>PORTFOLIO | What I did in my life so far<br \/>(small selection)<\/h1>\n<p>[\/et_pb_text][\/et_pb_column][\/et_pb_row][\/et_pb_section][et_pb_section fb_built=&#8220;1&#8243; _builder_version=&#8220;4.24.3&#8243; hover_enabled=&#8220;0&#8243; global_colors_info=&#8220;{}&#8220; alt=&#8220;background stripes, black on white background&#8220; title_text=&#8220;stripes&#8220; background_image=&#8220;https:\/\/grafixerin.com\/wp-content\/uploads\/2024\/04\/stripes.webp&#8220; background_size=&#8220;initial&#8220; background_repeat=&#8220;repeat&#8220; background_position=&#8220;top_center&#8220; background_vertical_offset=&#8220;-5%&#8220; bottom_divider_style=&#8220;wave&#8220; sticky_enabled=&#8220;0&#8243; next_background_color=&#8220;#ffffff&#8220;][et_pb_row column_structure=&#8220;1_3,1_3,1_3&#8243; _builder_version=&#8220;4.16&#8243; global_colors_info=&#8220;{}&#8220;][et_pb_column type=&#8220;1_3&#8243; _builder_version=&#8220;4.16&#8243; global_colors_info=&#8220;{}&#8220;][et_pb_blurb title=&#8220;Was War&#8220; use_icon=&#8220;on&#8220; font_icon=&#8220;&#x48;||divi||400&#8243; image_icon_background_color=&#8220;#ffffff&#8220; image_icon_width=&#8220;48px&#8220; _builder_version=&#8220;4.16&#8243; header_level=&#8220;h3&#8243; header_font=&#8220;ABeeZee|700|||||||&#8220; header_text_align=&#8220;center&#8220; header_font_size=&#8220;23px&#8220; body_font=&#8220;ABeeZee||||||||&#8220; body_text_color=&#8220;#535353&#8243; background_color=&#8220;#efefef&#8220; image_icon_custom_padding=&#8220;25px|25px|25px|25px|false|false&#8220; width=&#8220;100%&#8220; max_width=&#8220;100%&#8220; min_height=&#8220;399px&#8220; max_height=&#8220;500px&#8220; custom_margin=&#8220;||||true|false&#8220; custom_padding=&#8220;20px|20px|20px|20px|true|true&#8220; animation=&#8220;off&#8220; link_option_url=&#8220;#past&#8220; border_radii=&#8220;on|20px|20px|20px|20px&#8220; border_radii_image=&#8220;on|100%|100%|100%|100%&#8220; use_circle=&#8220;on&#8220; circle_color=&#8220;#ffffff&#8220; saved_tabs=&#8220;all&#8220; global_colors_info=&#8220;{}&#8220; image_icon_background_color__sticky_enabled=&#8220;#17899e&#8220; image_icon_background_color__sticky=&#8220;#17899e&#8220;]<\/p>\n<p style=\"text-align: left;\">Einige wenige Beispiele der letzten Jahre. Viele Projekte unterliegen einer Verschwiegenheitspflicht und deswegen kann ich hier nur einen Bruchteil meiner Audtragsarbeiten zeign.<\/p>\n<p>[\/et_pb_blurb][\/et_pb_column][et_pb_column type=&#8220;1_3&#8243; _builder_version=&#8220;4.16&#8243; global_colors_info=&#8220;{}&#8220;][et_pb_blurb title=&#8220;WAS IST&#8220; url=&#8220;#present&#8220; use_icon=&#8220;on&#8220; font_icon=&#8220;&#x47;||divi||400&#8243; image_icon_background_color=&#8220;#ffffff&#8220; image_icon_width=&#8220;48px&#8220; _builder_version=&#8220;4.16&#8243; header_level=&#8220;h3&#8243; header_font=&#8220;ABeeZee|700|||||||&#8220; header_text_align=&#8220;center&#8220; header_font_size=&#8220;23px&#8220; body_font=&#8220;ABeeZee||||||||&#8220; body_text_color=&#8220;#535353&#8243; background_color=&#8220;#efefef&#8220; image_icon_custom_padding=&#8220;25px|25px|25px|25px|false|false&#8220; width=&#8220;100%&#8220; max_width=&#8220;100%&#8220; min_height=&#8220;399px&#8220; max_height=&#8220;500px&#8220; custom_margin=&#8220;||||true|false&#8220; custom_padding=&#8220;20px|20px|20px|20px|true|true&#8220; animation=&#8220;off&#8220; link_option_url=&#8220;#present&#8220; hover_enabled=&#8220;0&#8243; border_radii=&#8220;on|20px|20px|20px|20px&#8220; border_radii_image=&#8220;on|100%|100%|100%|100%&#8220; use_circle=&#8220;on&#8220; circle_color=&#8220;#ffffff&#8220; saved_tabs=&#8220;all&#8220; global_colors_info=&#8220;{}&#8220; image_icon_background_color__sticky_enabled=&#8220;#17899e&#8220; image_icon_background_color__sticky=&#8220;#17899e&#8220; sticky_enabled=&#8220;0&#8243;]<\/p>\n<p style=\"text-align: left;\">Hier geht es zu meinem jetzigen Leistungsprofil. Bei detailierten Anfragen bitte ich darum mich gleich direkt zu kontaktieren.<\/p>\n<p>[\/et_pb_blurb][\/et_pb_column][et_pb_column type=&#8220;1_3&#8243; _builder_version=&#8220;4.16&#8243; global_colors_info=&#8220;{}&#8220;][et_pb_blurb title=&#8220;Was Sein wird&#8220; use_icon=&#8220;on&#8220; font_icon=&#8220;&#x49;||divi||400&#8243; image_icon_background_color=&#8220;#ffffff&#8220; image_icon_width=&#8220;48px&#8220; _builder_version=&#8220;4.16&#8243; header_level=&#8220;h3&#8243; header_font=&#8220;ABeeZee|700|||||||&#8220; header_text_align=&#8220;center&#8220; header_font_size=&#8220;23px&#8220; body_font=&#8220;ABeeZee||||||||&#8220; body_text_color=&#8220;#535353&#8243; background_color=&#8220;#efefef&#8220; image_icon_custom_padding=&#8220;25px|25px|25px|25px|false|false&#8220; width=&#8220;100%&#8220; max_width=&#8220;100%&#8220; min_height=&#8220;399px&#8220; max_height=&#8220;500px&#8220; custom_margin=&#8220;||||true|false&#8220; custom_padding=&#8220;20px|20px|20px|20px|true|true&#8220; animation=&#8220;off&#8220; link_option_url=&#8220;#future&#8220; border_radii=&#8220;on|20px|20px|20px|20px&#8220; border_radii_image=&#8220;on|100%|100%|100%|100%&#8220; use_circle=&#8220;on&#8220; circle_color=&#8220;#ffffff&#8220; saved_tabs=&#8220;all&#8220; global_colors_info=&#8220;{}&#8220; image_icon_background_color__sticky_enabled=&#8220;#17899e&#8220; image_icon_background_color__sticky=&#8220;#17899e&#8220;]<\/p>\n<p style=\"text-align: left;\">Hier informiere ich\u00a0 \u00fcber zuk\u00fcnftige Projekte bzw. bitte um MIthilfe bei meinen zuk\u00fcnftigen Projekten.<br \/> Ich suche derzeit einige Personen f\u00fcr ein Buchprojekt \u2026<\/p>\n<p>[\/et_pb_blurb][\/et_pb_column][\/et_pb_row][\/et_pb_section][et_pb_section fb_built=&#8220;1&#8243; _builder_version=&#8220;4.16&#8243; global_colors_info=&#8220;{}&#8220;][et_pb_row module_id=&#8220;past&#8220; _builder_version=&#8220;4.16&#8243; global_colors_info=&#8220;{}&#8220;][et_pb_column type=&#8220;4_4&#8243; _builder_version=&#8220;4.16&#8243; global_colors_info=&#8220;{}&#8220;][et_pb_text _builder_version=&#8220;4.16&#8243; global_colors_info=&#8220;{}&#8220;]<\/p>\n<h1>Was bisher geschah<\/h1>\n<p>[\/et_pb_text][et_pb_filterable_portfolio fullwidth=&#8220;off&#8220; posts_number=&#8220;4&#8243; _builder_version=&#8220;4.24.3&#8243; title_font=&#8220;||||||||&#8220; filter_font=&#8220;|600|||||||&#8220; background_color=&#8220;#ffffff&#8220; global_module=&#8220;373&#8243; saved_tabs=&#8220;all&#8220; global_colors_info=&#8220;{}&#8220;][\/et_pb_filterable_portfolio][\/et_pb_column][\/et_pb_row][\/et_pb_section][et_pb_section fb_built=&#8220;1&#8243; _builder_version=&#8220;4.16&#8243; global_colors_info=&#8220;{}&#8220;][et_pb_row module_id=&#8220;present&#8220; _builder_version=&#8220;4.16&#8243; global_colors_info=&#8220;{}&#8220;][et_pb_column type=&#8220;4_4&#8243; _builder_version=&#8220;4.16&#8243; global_colors_info=&#8220;{}&#8220;][et_pb_text _builder_version=&#8220;4.16&#8243; global_colors_info=&#8220;{}&#8220;]<\/p>\n<h1>Was aktuell ist<\/h1>\n<p>[\/et_pb_text][\/et_pb_column][\/et_pb_row][et_pb_row column_structure=&#8220;1_2,1_2&#8243; _builder_version=&#8220;4.16&#8243; global_colors_info=&#8220;{}&#8220;][et_pb_column type=&#8220;1_2&#8243; _builder_version=&#8220;4.16&#8243; global_colors_info=&#8220;{}&#8220;][et_pb_text _builder_version=&#8220;4.24.3&#8243; hover_enabled=&#8220;0&#8243; global_colors_info=&#8220;{}&#8220; sticky_enabled=&#8220;0&#8243;]<\/p>\n<h2>Grafik<\/h2>\n<p>Ich biete:<\/p>\n<ol>\n<li>Logogestaltung<\/li>\n<li>Brosch\u00fcren-\/Magazingestaltung<\/li>\n<li>Buchgestaltung<\/li>\n<li>Gesch\u00e4ftsberichte<\/li>\n<li>Infografik<\/li>\n<li>Schriftgestaltung<\/li>\n<li>Akzidenzdrucksorten<\/li>\n<li>Pr\u00e4sentationsgestaltung<\/li>\n<li>Vorlagenerstellung f\u00fcr s\u00e4mtliche Grafikprogramme<\/li>\n<li>Websitengestaltung<\/li>\n<li>Animation<\/li>\n<li>Videoschnitt<\/li>\n<li>Stop-Motion-Videos<\/li>\n<\/ol>\n<p>Es gibt allerdings auch nicht so allt\u00e4gliche Dinge die ich ebenfalls gestalte.<\/p>\n<p>[\/et_pb_text][\/et_pb_column][et_pb_column type=&#8220;1_2&#8243; _builder_version=&#8220;4.16&#8243; global_colors_info=&#8220;{}&#8220;][et_pb_text _builder_version=&#8220;4.24.3&#8243; hover_enabled=&#8220;0&#8243; global_colors_info=&#8220;{}&#8220; sticky_enabled=&#8220;0&#8243;]<\/p>\n<h2>Unterricht<\/h2>\n<p>genaueres dazu bitte im Men\u00fcpunkt Education, hier nur eine kleine \u00dcbersicht der Programme etc. die ich unterrichte:<\/p>\n<ol>\n<li>Adobe Illustrator<\/li>\n<li>Adobe Indesign<\/li>\n<li>Adobe Photoshop<\/li>\n<li>Affinity Publisher<\/li>\n<li>Affinity Designer<\/li>\n<li>Affinity Photo<\/li>\n<li>Adobe XD<\/li>\n<li>Adobe Acrobat Pro<\/li>\n<li>Adobe Premiere Pro<\/li>\n<li>Adobe Animate<\/li>\n<li>Typografie &amp; Gestaltung<\/li>\n<li>Wahrnehmungspychologie<\/li>\n<li>Farbpsychologie<\/li>\n<\/ol>\n<p>[\/et_pb_text][\/et_pb_column][\/et_pb_row][\/et_pb_section][et_pb_section fb_built=&#8220;1&#8243; _builder_version=&#8220;4.24.3&#8243; hover_enabled=&#8220;0&#8243; global_colors_info=&#8220;{}&#8220; alt=&#8220;background stripes, black on white background&#8220; title_text=&#8220;stripes&#8220; background_image=&#8220;https:\/\/grafixerin.com\/wp-content\/uploads\/2024\/04\/stripes.webp&#8220; background_position=&#8220;top_left&#8220; background_size=&#8220;initial&#8220; background_repeat=&#8220;repeat&#8220; top_divider_style=&#8220;waves2&#8243; sticky_enabled=&#8220;0&#8243; prev_background_color=&#8220;#ffffff&#8220;][et_pb_row module_id=&#8220;future&#8220; _builder_version=&#8220;4.24.3&#8243; hover_enabled=&#8220;0&#8243; global_colors_info=&#8220;{}&#8220; background_color=&#8220;#ffffff&#8220; sticky_enabled=&#8220;0&#8243; custom_margin=&#8220;50px||||false|false&#8220;][et_pb_column type=&#8220;4_4&#8243; _builder_version=&#8220;4.16&#8243; global_colors_info=&#8220;{}&#8220;][et_pb_text _builder_version=&#8220;4.16&#8243; global_colors_info=&#8220;{}&#8220;]<\/p>\n<h1>Was kommen wird<\/h1>\n<p>[\/et_pb_text][\/et_pb_column][\/et_pb_row][et_pb_row column_structure=&#8220;1_3,1_3,1_3&#8243; _builder_version=&#8220;4.16&#8243; global_colors_info=&#8220;{}&#8220;][et_pb_column type=&#8220;1_3&#8243; _builder_version=&#8220;4.16&#8243; global_colors_info=&#8220;{}&#8220;][et_pb_blurb title=&#8220;Projekt Wundheilung&#8220; use_icon=&#8220;on&#8220; font_icon=&#8220;&#xe089;||divi||400&#8243; image_icon_background_color=&#8220;#ffffff&#8220; image_icon_width=&#8220;48px&#8220; _builder_version=&#8220;4.16&#8243; header_level=&#8220;h3&#8243; header_font=&#8220;ABeeZee|700|||||||&#8220; header_text_align=&#8220;center&#8220; header_font_size=&#8220;23px&#8220; body_font=&#8220;ABeeZee||||||||&#8220; body_text_color=&#8220;#535353&#8243; background_color=&#8220;#efefef&#8220; image_icon_custom_padding=&#8220;25px|25px|25px|25px|false|false&#8220; width=&#8220;100%&#8220; max_width=&#8220;100%&#8220; min_height=&#8220;399px&#8220; max_height=&#8220;590px&#8220; custom_margin=&#8220;||||true|false&#8220; custom_padding=&#8220;20px|20px|20px|20px|true|true&#8220; animation=&#8220;off&#8220; border_radii=&#8220;on|20px|20px|20px|20px&#8220; border_radii_image=&#8220;on|100%|100%|100%|100%&#8220; use_circle=&#8220;on&#8220; circle_color=&#8220;#ffffff&#8220; saved_tabs=&#8220;all&#8220; global_colors_info=&#8220;{}&#8220; image_icon_background_color__sticky_enabled=&#8220;#17899e&#8220; image_icon_background_color__sticky=&#8220;#17899e&#8220;]<\/p>\n<p>F\u00fcr mein oben genanntes Projekt suche ich Menschen die bereit sind mich, bzw einen profesionellen Fotografen, ihre Narben abfotografieren zu lassen und mir ihre Geschichte der Narbe erz\u00e4hlen. Und nat\u00fcrlich wie diese Narbe das Leben ver\u00e4ndert hat. Diese Geschichten m\u00f6chte ich in Buchform ver\u00f6ffentlichen.<\/p>\n<p>Es ist gleich wie die Narben entstanden sind: Unfall, Krankheiten, \u00dcberf\u00e4lle oder selbst zugef\u00fcgt (z.B. Cutting). Jede Geschichte ist erz\u00e4hlenswert.<\/p>\n<p>Bei Interesse bitte ich um Kontaktaufnahme. Diskretion ist selbstverst\u00e4ndlich!<\/p>\n<p>[\/et_pb_blurb][\/et_pb_column][et_pb_column type=&#8220;1_3&#8243; _builder_version=&#8220;4.16&#8243; global_colors_info=&#8220;{}&#8220;][\/et_pb_column][et_pb_column type=&#8220;1_3&#8243; _builder_version=&#8220;4.16&#8243; global_colors_info=&#8220;{}&#8220;][\/et_pb_column][\/et_pb_row][\/et_pb_section][et_pb_section fb_built=&#8220;1&#8243; admin_label=&#8220;Section&#8220; module_id=&#8220;footer&#8220; _builder_version=&#8220;3.26.6&#8243; background_color=&#8220;#535353&#8243; custom_padding=&#8220;0px||0px|&#8220; custom_padding_tablet=&#8220;0px||0px|&#8220; transparent_background=&#8220;off&#8220; padding_mobile=&#8220;on&#8220; make_fullwidth=&#8220;off&#8220; use_custom_width=&#8220;off&#8220; width_unit=&#8220;on&#8220; global_module=&#8220;3911&#8243; saved_tabs=&#8220;all&#8220; global_colors_info=&#8220;{}&#8220;][et_pb_row column_structure=&#8220;1_4,1_4,1_4,1_4&#8243; use_custom_gutter=&#8220;on&#8220; gutter_width=&#8220;2&#8243; padding_mobile=&#8220;on&#8220; column_padding_mobile=&#8220;on&#8220; admin_label=&#8220;Row&#8220; _builder_version=&#8220;4.16&#8243; background_size=&#8220;initial&#8220; background_position=&#8220;top_left&#8220; background_repeat=&#8220;repeat&#8220; custom_padding=&#8220;50px||50px|&#8220; make_fullwidth=&#8220;off&#8220; use_custom_width=&#8220;off&#8220; width_unit=&#8220;on&#8220; global_colors_info=&#8220;{}&#8220;][et_pb_column type=&#8220;1_4&#8243; _builder_version=&#8220;4.16&#8243; custom_padding=&#8220;|||&#8220; global_colors_info=&#8220;{}&#8220; custom_padding__hover=&#8220;|||&#8220;][et_pb_text admin_label=&#8220;Text&#8220; _builder_version=&#8220;4.16&#8243; text_font=&#8220;Raleway|on|||&#8220; text_text_color=&#8220;#859496&#8243; text_font_size=&#8220;28&#8243; text_line_height=&#8220;1.4em&#8220; background_size=&#8220;initial&#8220; background_position=&#8220;top_left&#8220; background_repeat=&#8220;repeat&#8220; custom_margin=&#8220;||8px|&#8220; custom_css_main_element=&#8220;font-weight: 900;&#8220; use_border_color=&#8220;off&#8220; border_color=&#8220;#ffffff&#8220; border_style=&#8220;solid&#8220; global_colors_info=&#8220;{}&#8220;]<\/p>\n<p>GRAFIXERIN<\/p>\n<p>[\/et_pb_text][et_pb_blurb image=&#8220;https:\/\/grafixerin.com\/wp-content\/uploads\/2019\/07\/websiteicon-1.png&#8220; icon_placement=&#8220;left&#8220; _builder_version=&#8220;4.24.3&#8243; body_text_color=&#8220;#859496&#8243; background_layout=&#8220;dark&#8220; global_colors_info=&#8220;{}&#8220;]<\/p>\n<p>Ing. Daniela Sternad, MSc<br \/>Hainbuchenweg 5\/1\/4,<br \/>1120 Wien<br \/>+43-664-150 23 01<\/p>\n<p>[\/et_pb_blurb][et_pb_text admin_label=&#8220;Text&#8220; _builder_version=&#8220;4.24.3&#8243; text_font=&#8220;Source Sans Pro||||&#8220; text_text_color=&#8220;#859496&#8243; text_font_size=&#8220;12&#8243; background_size=&#8220;initial&#8220; background_position=&#8220;top_left&#8220; background_repeat=&#8220;repeat&#8220; max_width=&#8220;300px&#8220; custom_padding=&#8220;0px|||&#8220; use_border_color=&#8220;off&#8220; border_color=&#8220;#ffffff&#8220; border_style=&#8220;solid&#8220; global_colors_info=&#8220;{}&#8220;]<\/p>\n<p>\u00a9 2026 Grafixerin.com<\/p>\n<p>[\/et_pb_text][et_pb_social_media_follow icon_color=&#8220;#efefef&#8220; use_icon_font_size=&#8220;on&#8220; icon_font_size=&#8220;18px&#8220; _builder_version=&#8220;4.24.3&#8243; background_color=&#8220;rgba(0,0,0,0)&#8220; text_orientation=&#8220;left&#8220; background_layout=&#8220;dark&#8220; global_colors_info=&#8220;{}&#8220;][et_pb_social_media_follow_network social_network=&#8220;facebook&#8220; url=&#8220;https:\/\/www.facebook.com\/Grafixerin-106753786110061\/?eid=ARB_OF9jehAt4XA3srgFlh7oiSlihQGS3MIqbp1ba3nJC6qLzqs8_Wzq83iFdcLEERd7dXsmwIbpoAPX&#8220; icon_color=&#8220;#efefef&#8220; _builder_version=&#8220;4.16&#8243; background_color=&#8220;rgba(0,0,0,0)&#8220; background_enable_color=&#8220;on&#8220; global_colors_info=&#8220;{}&#8220; follow_button=&#8220;off&#8220; url_new_window=&#8220;on&#8220;]facebook[\/et_pb_social_media_follow_network][et_pb_social_media_follow_network social_network=&#8220;instagram&#8220; url=&#8220;https:\/\/www.instagram.com\/grafixerin\/&#8220; _builder_version=&#8220;4.16&#8243; background_color=&#8220;rgba(0,0,0,0)&#8220; background_enable_color=&#8220;on&#8220; global_colors_info=&#8220;{}&#8220; follow_button=&#8220;off&#8220; url_new_window=&#8220;on&#8220;]instagram[\/et_pb_social_media_follow_network][et_pb_social_media_follow_network social_network=&#8220;skype&#8220; skype_url=&#8220;lichtbringerin&#8220; skype_action=&#8220;chat&#8220; _builder_version=&#8220;4.16&#8243; background_color=&#8220;rgba(0,0,0,0)&#8220; background_enable_color=&#8220;on&#8220; global_colors_info=&#8220;{}&#8220; follow_button=&#8220;off&#8220; url_new_window=&#8220;on&#8220;]skype[\/et_pb_social_media_follow_network][et_pb_social_media_follow_network social_network=&#8220;youtube&#8220; url=&#8220;https:\/\/www.youtube.com\/channel\/UChq0BlxS4qZZicHAFVbu7Yg&#8220; _builder_version=&#8220;4.16&#8243; background_color=&#8220;rgba(0,0,0,0)&#8220; background_enable_color=&#8220;on&#8220; global_colors_info=&#8220;{}&#8220; follow_button=&#8220;off&#8220; url_new_window=&#8220;on&#8220;]youtube[\/et_pb_social_media_follow_network][et_pb_social_media_follow_network social_network=&#8220;pinterest&#8220; url=&#8220;http:\/\/pinterest.com\/grafixerin&#8220; _builder_version=&#8220;4.16&#8243; background_color=&#8220;rgba(0,0,0,0)&#8220; background_enable_color=&#8220;on&#8220; global_colors_info=&#8220;{}&#8220; follow_button=&#8220;off&#8220; url_new_window=&#8220;on&#8220;]pinterest[\/et_pb_social_media_follow_network][\/et_pb_social_media_follow][\/et_pb_column][et_pb_column type=&#8220;1_4&#8243; _builder_version=&#8220;4.16&#8243; custom_padding=&#8220;|||&#8220; global_colors_info=&#8220;{}&#8220; custom_padding__hover=&#8220;|||&#8220;][et_pb_text admin_label=&#8220;Text&#8220; _builder_version=&#8220;4.16&#8243; text_font=&#8220;Source Sans Pro|on|||&#8220; text_text_color=&#8220;#859496&#8243; text_font_size=&#8220;18&#8243; text_line_height=&#8220;1.4em&#8220; background_size=&#8220;initial&#8220; background_position=&#8220;top_left&#8220; background_repeat=&#8220;repeat&#8220; custom_margin=&#8220;||8px|&#8220; use_border_color=&#8220;off&#8220; border_color=&#8220;#ffffff&#8220; border_style=&#8220;solid&#8220; global_colors_info=&#8220;{}&#8220;]<\/p>\n<p>COMPANY<\/p>\n<p>[\/et_pb_text][et_pb_text admin_label=&#8220;Text&#8220; _builder_version=&#8220;4.16&#8243; text_font=&#8220;Source Sans Pro||||&#8220; text_text_color=&#8220;#859496&#8243; text_font_size=&#8220;18&#8243; text_line_height=&#8220;2.2em&#8220; background_size=&#8220;initial&#8220; background_position=&#8220;top_left&#8220; background_repeat=&#8220;repeat&#8220; background_layout=&#8220;dark&#8220; custom_padding=&#8220;0px|||&#8220; use_border_color=&#8220;off&#8220; border_color=&#8220;#ffffff&#8220; border_style=&#8220;solid&#8220; text_text_align=&#8220;left&#8220; global_colors_info=&#8220;{}&#8220;]<\/p>\n<p><span style=\"color: #ffffff;\"><a style=\"color: #859496;\" href=\"#impressum\">IMPRESSUM<\/a><\/span><br \/><span style=\"color: #ffffff;\"><a style=\"color: #859496;\" href=\"https:\/\/grafixerin.com\/?page_id=79\">AGB<\/a><\/span><br \/><span style=\"color: #ffffff;\"><a style=\"color: #859496;\" href=\"#dsgvo\">DSGVO<\/a><\/span><br \/><span style=\"color: #ffffff;\"><a style=\"color: #859496;\" href=\"#\">Community Meetups<\/a><\/span><br \/><span style=\"color: #ffffff;\"><a style=\"color: #859496;\" href=\"#\">Privacy Policy<\/a><\/span><\/p>\n<p>[\/et_pb_text][\/et_pb_column][et_pb_column type=&#8220;1_4&#8243; _builder_version=&#8220;4.16&#8243; custom_padding=&#8220;|||&#8220; global_colors_info=&#8220;{}&#8220; custom_padding__hover=&#8220;|||&#8220;][et_pb_text admin_label=&#8220;Text&#8220; _builder_version=&#8220;4.16&#8243; text_font=&#8220;Source Sans Pro|on|||&#8220; text_text_color=&#8220;#859496&#8243; text_font_size=&#8220;18&#8243; text_line_height=&#8220;1.4em&#8220; background_size=&#8220;initial&#8220; background_position=&#8220;top_left&#8220; background_repeat=&#8220;repeat&#8220; custom_margin=&#8220;||8px|&#8220; use_border_color=&#8220;off&#8220; border_color=&#8220;#ffffff&#8220; border_style=&#8220;solid&#8220; global_colors_info=&#8220;{}&#8220;]<\/p>\n<p>PARTNERS<\/p>\n<p>[\/et_pb_text][et_pb_text admin_label=&#8220;Text&#8220; _builder_version=&#8220;4.24.3&#8243; text_font=&#8220;Source Sans Pro||||&#8220; text_text_color=&#8220;#ffffff&#8220; text_font_size=&#8220;18&#8243; text_line_height=&#8220;2.2em&#8220; background_size=&#8220;initial&#8220; background_position=&#8220;top_left&#8220; background_repeat=&#8220;repeat&#8220; custom_padding=&#8220;0px|||&#8220; use_border_color=&#8220;off&#8220; border_color=&#8220;#ffffff&#8220; border_style=&#8220;solid&#8220; global_colors_info=&#8220;{}&#8220;]<\/p>\n<p><span style=\"color: #ffffff;\"><a style=\"color: #859496;\" href=\"https:\/\/greenwebspace.com\/\" target=\"_blank\" rel=\"noopener noreferrer\">Greenwebspace<\/a><\/span><br \/><span style=\"color: #ffffff;\"><a style=\"color: #859496;\" href=\"http:\/\/mso365.cloud\/\" target=\"_blank\" rel=\"noopener noreferrer\">MSO365.cloud<\/a><\/span><br \/><span style=\"color: #ffffff;\"><br \/><\/span><\/p>\n<p>[\/et_pb_text][\/et_pb_column][et_pb_column type=&#8220;1_4&#8243; _builder_version=&#8220;4.16&#8243; global_colors_info=&#8220;{}&#8220;][et_pb_blurb title=&#8220;CO2-Neutrale Website&#8220; url=&#8220;https:\/\/greenwebspace.com\/co2neutral\/unsere-loesung.php&#8220; url_new_window=&#8220;on&#8220; image=&#8220;https:\/\/grafixerin.com\/wp-content\/uploads\/2019\/08\/CO2neutralmitBG.png&#8220; icon_placement=&#8220;left&#8220; _builder_version=&#8220;4.16&#8243; header_text_color=&#8220;#859496&#8243; body_text_color=&#8220;#859496&#8243; background_color=&#8220;rgba(0,0,0,0)&#8220; background_layout=&#8220;dark&#8220; custom_margin=&#8220;|0px|||false|false&#8220; global_colors_info=&#8220;{}&#8220;]<\/p>\n<p>100 % des CO2-Aussto\u00dfes meiner Webseite wird durch die Verwendung von \u00d6KO-Strom-Servern und mithilfe des Green-Webspace-Zertifikats sowie des GreenMail-Zertifikats kompensiert.<br \/> Meine Webseite ist absolut CO2-neutral und bringt gemeinsam mit Greenwebspace B\u00e4ume zum Wachsen!<\/p>\n<p>[\/et_pb_blurb][\/et_pb_column][\/et_pb_row][\/et_pb_section]<\/p>\n","protected":false},"excerpt":{"rendered":"<p>PORTFOLIO | What I did in my life so far(small selection)Einige wenige Beispiele der letzten Jahre. Viele Projekte unterliegen einer Verschwiegenheitspflicht und deswegen kann ich hier nur einen Bruchteil meiner Audtragsarbeiten zeign.Hier geht es zu meinem jetzigen Leistungsprofil. Bei detailierten Anfragen bitte ich darum mich gleich direkt zu kontaktieren.Hier informiere ich\u00a0 \u00fcber zuk\u00fcnftige Projekte bzw. [&hellip;]<\/p>\n","protected":false},"author":1,"featured_media":0,"parent":0,"menu_order":0,"comment_status":"closed","ping_status":"closed","template":"","meta":{"_et_pb_use_builder":"on","_et_pb_old_content":"","_et_gb_content_width":"","inline_featured_image":false},"_links":{"self":[{"href":"https:\/\/grafixerin.com\/index.php?rest_route=\/wp\/v2\/pages\/81"}],"collection":[{"href":"https:\/\/grafixerin.com\/index.php?rest_route=\/wp\/v2\/pages"}],"about":[{"href":"https:\/\/grafixerin.com\/index.php?rest_route=\/wp\/v2\/types\/page"}],"author":[{"embeddable":true,"href":"https:\/\/grafixerin.com\/index.php?rest_route=\/wp\/v2\/users\/1"}],"replies":[{"embeddable":true,"href":"https:\/\/grafixerin.com\/index.php?rest_route=%2Fwp%2Fv2%2Fcomments&post=81"}],"version-history":[{"count":24,"href":"https:\/\/grafixerin.com\/index.php?rest_route=\/wp\/v2\/pages\/81\/revisions"}],"predecessor-version":[{"id":4193,"href":"https:\/\/grafixerin.com\/index.php?rest_route=\/wp\/v2\/pages\/81\/revisions\/4193"}],"wp:attachment":[{"href":"https:\/\/grafixerin.com\/index.php?rest_route=%2Fwp%2Fv2%2Fmedia&parent=81"}],"curies":[{"name":"wp","href":"https:\/\/api.w.org\/{rel}","templated":true}]}}