{"id":83,"date":"2019-07-31T12:30:02","date_gmt":"2019-07-31T10:30:02","guid":{"rendered":"https:\/\/grafixerin.com\/?page_id=83"},"modified":"2026-02-03T12:49:27","modified_gmt":"2026-02-03T11:49:27","slug":"download","status":"publish","type":"page","link":"https:\/\/grafixerin.com\/?page_id=83","title":{"rendered":"DOWNLOAD"},"content":{"rendered":"<p>[et_pb_section fb_built=&#8220;1&#8243; _builder_version=&#8220;4.24.3&#8243; hover_enabled=&#8220;0&#8243; global_colors_info=&#8220;{}&#8220; alt=&#8220;background stripes, black on white background&#8220; title_text=&#8220;stripes&#8220; background_image=&#8220;https:\/\/grafixerin.com\/wp-content\/uploads\/2024\/04\/stripes.webp&#8220; background_size=&#8220;initial&#8220; background_position=&#8220;top_left&#8220; background_repeat=&#8220;repeat&#8220; bottom_divider_style=&#8220;mountains&#8220; min_height=&#8220;300px&#8220; sticky_enabled=&#8220;0&#8243; next_background_color=&#8220;#ffffff&#8220;][et_pb_row column_structure=&#8220;3_5,2_5&#8243; _builder_version=&#8220;4.24.3&#8243; hover_enabled=&#8220;0&#8243; global_colors_info=&#8220;{}&#8220; background_color=&#8220;#ffffff&#8220; sticky_enabled=&#8220;0&#8243;][et_pb_column type=&#8220;3_5&#8243; _builder_version=&#8220;4.16&#8243; global_colors_info=&#8220;{}&#8220;][et_pb_text _builder_version=&#8220;4.24.3&#8243; hover_enabled=&#8220;0&#8243; global_colors_info=&#8220;{}&#8220; custom_margin=&#8220;|||20px|false|false&#8220; sticky_enabled=&#8220;0&#8243;]<\/p>\n<h1>Downloadbereich<\/h1>\n<p>Derzeit sind nicht alle Links aktiv, da einige Dokumente gerade umgestaltet und aktualisiert werden. Sobald neue Daten verf\u00fcgbar sind, stelle ich sie umgehend online.<\/p>\n<p>[\/et_pb_text][\/et_pb_column][et_pb_column type=&#8220;2_5&#8243; _builder_version=&#8220;4.16&#8243; global_colors_info=&#8220;{}&#8220;][\/et_pb_column][\/et_pb_row][\/et_pb_section][et_pb_section fb_built=&#8220;1&#8243; _builder_version=&#8220;4.16&#8243; global_colors_info=&#8220;{}&#8220;][et_pb_row column_structure=&#8220;1_3,1_3,1_3&#8243; _builder_version=&#8220;4.16&#8243; custom_margin=&#8220;||||false|false&#8220; global_colors_info=&#8220;{}&#8220;][et_pb_column type=&#8220;1_3&#8243; _builder_version=&#8220;4.16&#8243; global_colors_info=&#8220;{}&#8220;][et_pb_blurb title=&#8220;Typografie &#038; Gestaltung&#8220; image=&#8220;https:\/\/grafixerin.com\/wp-content\/uploads\/2019\/08\/26153klein.jpg&#8220; _builder_version=&#8220;4.16&#8243; max_height=&#8220;1000px&#8220; custom_css_blurb_image=&#8220;||&#8220; global_colors_info=&#8220;{}&#8220;]<\/p>\n<p>N\u00fctzliche Dateien die sich mit der Typografie und\/oder Layout-\/Gestaltungsfragen besch\u00e4ftigen:<\/p>\n<ol>\n<li><a href=\"https:\/\/grafixerin.com\/wp-content\/uploads\/2019\/07\/ansi.pdf\" rel=\"attachment wp-att-151\">ANSI-Codes<\/a><\/li>\n<li><a href=\"https:\/\/grafixerin.com\/wp-content\/uploads\/2019\/07\/Farbpsychologie.pdf\" rel=\"attachment wp-att-164\">Farbpsychologie<\/a><\/li>\n<li><a href=\"https:\/\/grafixerin.com\/wp-content\/uploads\/2019\/07\/gedankenstrich.pdf\" rel=\"attachment wp-att-165\">Gedankenstrich\u00a0 &amp; Co<\/a><\/li>\n<li><a href=\"https:\/\/grafixerin.com\/wp-content\/uploads\/2019\/07\/Gestaltungsgesetze.pdf\" rel=\"attachment wp-att-166\">Gestaltungsgesetze<\/a><\/li>\n<li><a href=\"https:\/\/grafixerin.com\/wp-content\/uploads\/2019\/07\/korrekturzeichen.pdf\" rel=\"attachment wp-att-172\">Korrekturzeichen<\/a><\/li>\n<li><a href=\"https:\/\/grafixerin.com\/wp-content\/uploads\/2019\/07\/logopru\u0308fbogen.pdf\" rel=\"attachment wp-att-174\">Logopr\u00fcfbogen<\/a><\/li>\n<li><a href=\"https:\/\/grafixerin.com\/wp-content\/uploads\/2019\/07\/schreibweisen.pdf\" rel=\"attachment wp-att-183\">Schreibweisen<\/a><\/li>\n<li>Schrift<\/li>\n<li>T\u00e4uschungen<\/li>\n<li>Wahrnehmung<\/li>\n<\/ol>\n<p>[\/et_pb_blurb][\/et_pb_column][et_pb_column type=&#8220;1_3&#8243; _builder_version=&#8220;4.16&#8243; global_colors_info=&#8220;{}&#8220;][et_pb_blurb title=&#8220;DRUCK &#038; DRUCKVORSTUFE&#8220; image=&#8220;https:\/\/grafixerin.com\/wp-content\/uploads\/2019\/08\/2781klein.jpg&#8220; _builder_version=&#8220;4.16&#8243; max_height=&#8220;1000px&#8220; custom_css_blurb_image=&#8220;||&#8220; global_colors_info=&#8220;{}&#8220;]<\/p>\n<p>Checklisten und Hilfestellungen f\u00fcr den Umgang mit der Druckerei:<\/p>\n<ol>\n<li>Ausschie\u00dfen<\/li>\n<li>Druckcheck<\/li>\n<li>Druckplan<\/li>\n<li><a href=\"https:\/\/grafixerin.com\/wp-content\/uploads\/2019\/07\/ChecklisteOffert.pdf\" rel=\"attachment wp-att-160\">Offertcheck<\/a><\/li>\n<li>Print Producing<\/li>\n<\/ol>\n<p>[\/et_pb_blurb][\/et_pb_column][et_pb_column type=&#8220;1_3&#8243; _builder_version=&#8220;4.16&#8243; global_colors_info=&#8220;{}&#8220;][et_pb_blurb title=&#8220;ALLGEMEINES&#8220; image=&#8220;https:\/\/grafixerin.com\/wp-content\/uploads\/2019\/08\/OEOIS50klein.jpg&#8220; _builder_version=&#8220;4.16&#8243; max_height=&#8220;1000px&#8220; custom_css_blurb_image=&#8220;||&#8220; global_colors_info=&#8220;{}&#8220;]<\/p>\n<p>Ressourcen aus dem Grafischen Gewerbe:<\/p>\n<ol>\n<li><a href=\"https:\/\/grafixerin.com\/wp-content\/uploads\/2019\/07\/AGB.pdf\" rel=\"attachment wp-att-153\">AGB<\/a>s<\/li>\n<li><a href=\"https:\/\/grafixerin.com\/wp-content\/uploads\/2019\/07\/BriefingFinal.pdf\" rel=\"attachment wp-att-159\">Briefing<\/a><\/li>\n<li><a href=\"https:\/\/grafixerin.com\/wp-content\/uploads\/2019\/07\/Praese_Beurteilung.pdf\" rel=\"attachment wp-att-177\">Beurteilung von Pr\u00e4sentationen<\/a><\/li>\n<li><a href=\"https:\/\/grafixerin.com\/wp-content\/uploads\/2019\/07\/dtp-glossar.pdf\" rel=\"attachment wp-att-162\">DTP Glossar<\/a><\/li>\n<li><a href=\"https:\/\/grafixerin.com\/wp-content\/uploads\/2019\/07\/Honorarrichtlinien.pdf\" rel=\"attachment wp-att-168\">Honorarrichtlinien<\/a><\/li>\n<li><a href=\"https:\/\/grafixerin.com\/wp-content\/uploads\/2019\/07\/pru\u0308fungsanforderungen.pdf\" rel=\"attachment wp-att-179\">Pr\u00fcfungsanforderungen PG<\/a><\/li>\n<li><a href=\"https:\/\/grafixerin.com\/wp-content\/uploads\/2019\/07\/pru\u0308fungsfragenkatalog-pg.pdf\" rel=\"attachment wp-att-180\">Pr\u00fcfungsfragenkatalog PG<\/a><\/li>\n<\/ol>\n<p>[\/et_pb_blurb][\/et_pb_column][\/et_pb_row][et_pb_row column_structure=&#8220;1_3,1_3,1_3&#8243; _builder_version=&#8220;4.16&#8243; global_colors_info=&#8220;{}&#8220;][et_pb_column type=&#8220;1_3&#8243; _builder_version=&#8220;4.16&#8243; global_colors_info=&#8220;{}&#8220;][et_pb_blurb title=&#8220;ILLUSTRATOR&#8220; image=&#8220;https:\/\/grafixerin.com\/wp-content\/uploads\/2019\/07\/illustrator.jpg&#8220; _builder_version=&#8220;4.16&#8243; max_height=&#8220;1000px&#8220; custom_css_blurb_image=&#8220;||&#8220; global_colors_info=&#8220;{}&#8220;]<\/p>\n<p>Shortcuts &amp; Hilfreiches zu Adobe Illustrator:<\/p>\n<ol>\n<ol>\n<li><a href=\"https:\/\/grafixerin.com\/wp-content\/uploads\/2019\/07\/aibp.pdf\" rel=\"attachment wp-att-154\">BP Logo<\/a><\/li>\n<li>Coca Cola FLasche<\/li>\n<li>Effekte<\/li>\n<li>Low-Poly<\/li>\n<li>Muster<\/li>\n<li>Pathfinder<\/li>\n<li>Pinsel<\/li>\n<li><a href=\"https:\/\/grafixerin.com\/wp-content\/uploads\/2019\/07\/shortcutsai.pdf\" rel=\"attachment wp-att-185\">Shortcuts<\/a><\/li>\n<li><a href=\"https:\/\/grafixerin.com\/wp-content\/uploads\/2019\/07\/aizahnradneu.pdf\" rel=\"attachment wp-att-155\">Zahnrad<\/a><\/li>\n<\/ol>\n<\/ol>\n<p>[\/et_pb_blurb][\/et_pb_column][et_pb_column type=&#8220;1_3&#8243; _builder_version=&#8220;4.16&#8243; global_colors_info=&#8220;{}&#8220;][et_pb_blurb title=&#8220;Photoshop&#8220; image=&#8220;https:\/\/grafixerin.com\/wp-content\/uploads\/2019\/07\/photoshop.png&#8220; _builder_version=&#8220;4.16&#8243; max_height=&#8220;1000px&#8220; custom_css_blurb_image=&#8220;||&#8220; global_colors_info=&#8220;{}&#8220;]<\/p>\n<p>Shortcuts &amp; Hilfreiches zu Adobe Photoshop:<\/p>\n<ol>\n<li><a href=\"https:\/\/grafixerin.com\/wp-content\/uploads\/2019\/07\/PS-Allgemein.pdf\" rel=\"attachment wp-att-181\">Allgemeines<\/a><\/li>\n<li><a href=\"https:\/\/grafixerin.com\/wp-content\/uploads\/2019\/07\/Farbchecker.pdf\" rel=\"attachment wp-att-163\">Farbchecker<\/a><\/li>\n<li>Hilfreiches<\/li>\n<li><a href=\"https:\/\/grafixerin.com\/wp-content\/uploads\/2019\/07\/shortcutsps.pdf\" rel=\"attachment wp-att-187\">Shortcuts<\/a><\/li>\n<li>Verechnungsmodi<\/li>\n<\/ol>\n<p>[\/et_pb_blurb][\/et_pb_column][et_pb_column type=&#8220;1_3&#8243; _builder_version=&#8220;4.16&#8243; global_colors_info=&#8220;{}&#8220;][et_pb_blurb title=&#8220;INDESIGN&#8220; image=&#8220;https:\/\/grafixerin.com\/wp-content\/uploads\/2019\/07\/indesign.jpg&#8220; _builder_version=&#8220;4.16&#8243; max_height=&#8220;1000px&#8220; custom_css_blurb_image=&#8220;||&#8220; global_colors_info=&#8220;{}&#8220;]<\/p>\n<p>Shortcuts &amp; Hilfreiches zu Adobe Indesign:<\/p>\n<ol>\n<li><a href=\"https:\/\/grafixerin.com\/wp-content\/uploads\/2019\/07\/idgrundeinstellungen.pdf\" rel=\"attachment wp-att-170\">Grundeinstellungen<\/a><\/li>\n<li>Mitlaufende Linien<\/li>\n<li><a href=\"https:\/\/grafixerin.com\/wp-content\/uploads\/2019\/07\/shortcutsid.pdf\" rel=\"attachment wp-att-186\">Shortcuts<\/a><\/li>\n<li>Tabulatoren<\/li>\n<li>Wickelfalz<\/li>\n<\/ol>\n<p>[\/et_pb_blurb][\/et_pb_column][\/et_pb_row][\/et_pb_section][et_pb_section fb_built=&#8220;1&#8243; admin_label=&#8220;Section&#8220; module_id=&#8220;footer&#8220; _builder_version=&#8220;3.26.6&#8243; background_color=&#8220;#535353&#8243; custom_padding=&#8220;0px||0px|&#8220; custom_padding_tablet=&#8220;0px||0px|&#8220; transparent_background=&#8220;off&#8220; padding_mobile=&#8220;on&#8220; make_fullwidth=&#8220;off&#8220; use_custom_width=&#8220;off&#8220; width_unit=&#8220;on&#8220; global_module=&#8220;3911&#8243; saved_tabs=&#8220;all&#8220; global_colors_info=&#8220;{}&#8220;][et_pb_row column_structure=&#8220;1_4,1_4,1_4,1_4&#8243; use_custom_gutter=&#8220;on&#8220; gutter_width=&#8220;2&#8243; padding_mobile=&#8220;on&#8220; column_padding_mobile=&#8220;on&#8220; admin_label=&#8220;Row&#8220; _builder_version=&#8220;4.16&#8243; background_size=&#8220;initial&#8220; background_position=&#8220;top_left&#8220; background_repeat=&#8220;repeat&#8220; custom_padding=&#8220;50px||50px|&#8220; make_fullwidth=&#8220;off&#8220; use_custom_width=&#8220;off&#8220; width_unit=&#8220;on&#8220; global_colors_info=&#8220;{}&#8220;][et_pb_column type=&#8220;1_4&#8243; _builder_version=&#8220;4.16&#8243; custom_padding=&#8220;|||&#8220; global_colors_info=&#8220;{}&#8220; custom_padding__hover=&#8220;|||&#8220;][et_pb_text admin_label=&#8220;Text&#8220; _builder_version=&#8220;4.16&#8243; text_font=&#8220;Raleway|on|||&#8220; text_text_color=&#8220;#859496&#8243; text_font_size=&#8220;28&#8243; text_line_height=&#8220;1.4em&#8220; background_size=&#8220;initial&#8220; background_position=&#8220;top_left&#8220; background_repeat=&#8220;repeat&#8220; custom_margin=&#8220;||8px|&#8220; custom_css_main_element=&#8220;font-weight: 900;&#8220; use_border_color=&#8220;off&#8220; border_color=&#8220;#ffffff&#8220; border_style=&#8220;solid&#8220; global_colors_info=&#8220;{}&#8220;]<\/p>\n<p>GRAFIXERIN<\/p>\n<p>[\/et_pb_text][et_pb_blurb image=&#8220;https:\/\/grafixerin.com\/wp-content\/uploads\/2019\/07\/websiteicon-1.png&#8220; icon_placement=&#8220;left&#8220; _builder_version=&#8220;4.24.3&#8243; body_text_color=&#8220;#859496&#8243; background_layout=&#8220;dark&#8220; global_colors_info=&#8220;{}&#8220;]<\/p>\n<p>Ing. Daniela Sternad, MSc<br \/>Hainbuchenweg 5\/1\/4,<br \/>1120 Wien<br \/>+43-664-150 23 01<\/p>\n<p>[\/et_pb_blurb][et_pb_text admin_label=&#8220;Text&#8220; _builder_version=&#8220;4.24.3&#8243; text_font=&#8220;Source Sans Pro||||&#8220; text_text_color=&#8220;#859496&#8243; text_font_size=&#8220;12&#8243; background_size=&#8220;initial&#8220; background_position=&#8220;top_left&#8220; background_repeat=&#8220;repeat&#8220; max_width=&#8220;300px&#8220; custom_padding=&#8220;0px|||&#8220; use_border_color=&#8220;off&#8220; border_color=&#8220;#ffffff&#8220; border_style=&#8220;solid&#8220; global_colors_info=&#8220;{}&#8220;]<\/p>\n<p>\u00a9 2026 Grafixerin.com<\/p>\n<p>[\/et_pb_text][et_pb_social_media_follow icon_color=&#8220;#efefef&#8220; use_icon_font_size=&#8220;on&#8220; icon_font_size=&#8220;18px&#8220; _builder_version=&#8220;4.24.3&#8243; background_color=&#8220;rgba(0,0,0,0)&#8220; text_orientation=&#8220;left&#8220; background_layout=&#8220;dark&#8220; global_colors_info=&#8220;{}&#8220;][et_pb_social_media_follow_network social_network=&#8220;facebook&#8220; url=&#8220;https:\/\/www.facebook.com\/Grafixerin-106753786110061\/?eid=ARB_OF9jehAt4XA3srgFlh7oiSlihQGS3MIqbp1ba3nJC6qLzqs8_Wzq83iFdcLEERd7dXsmwIbpoAPX&#8220; icon_color=&#8220;#efefef&#8220; _builder_version=&#8220;4.16&#8243; background_color=&#8220;rgba(0,0,0,0)&#8220; background_enable_color=&#8220;on&#8220; global_colors_info=&#8220;{}&#8220; follow_button=&#8220;off&#8220; url_new_window=&#8220;on&#8220;]facebook[\/et_pb_social_media_follow_network][et_pb_social_media_follow_network social_network=&#8220;instagram&#8220; url=&#8220;https:\/\/www.instagram.com\/grafixerin\/&#8220; _builder_version=&#8220;4.16&#8243; background_color=&#8220;rgba(0,0,0,0)&#8220; background_enable_color=&#8220;on&#8220; global_colors_info=&#8220;{}&#8220; follow_button=&#8220;off&#8220; url_new_window=&#8220;on&#8220;]instagram[\/et_pb_social_media_follow_network][et_pb_social_media_follow_network social_network=&#8220;skype&#8220; skype_url=&#8220;lichtbringerin&#8220; skype_action=&#8220;chat&#8220; _builder_version=&#8220;4.16&#8243; background_color=&#8220;rgba(0,0,0,0)&#8220; background_enable_color=&#8220;on&#8220; global_colors_info=&#8220;{}&#8220; follow_button=&#8220;off&#8220; url_new_window=&#8220;on&#8220;]skype[\/et_pb_social_media_follow_network][et_pb_social_media_follow_network social_network=&#8220;youtube&#8220; url=&#8220;https:\/\/www.youtube.com\/channel\/UChq0BlxS4qZZicHAFVbu7Yg&#8220; _builder_version=&#8220;4.16&#8243; background_color=&#8220;rgba(0,0,0,0)&#8220; background_enable_color=&#8220;on&#8220; global_colors_info=&#8220;{}&#8220; follow_button=&#8220;off&#8220; url_new_window=&#8220;on&#8220;]youtube[\/et_pb_social_media_follow_network][et_pb_social_media_follow_network social_network=&#8220;pinterest&#8220; url=&#8220;http:\/\/pinterest.com\/grafixerin&#8220; _builder_version=&#8220;4.16&#8243; background_color=&#8220;rgba(0,0,0,0)&#8220; background_enable_color=&#8220;on&#8220; global_colors_info=&#8220;{}&#8220; follow_button=&#8220;off&#8220; url_new_window=&#8220;on&#8220;]pinterest[\/et_pb_social_media_follow_network][\/et_pb_social_media_follow][\/et_pb_column][et_pb_column type=&#8220;1_4&#8243; _builder_version=&#8220;4.16&#8243; custom_padding=&#8220;|||&#8220; global_colors_info=&#8220;{}&#8220; custom_padding__hover=&#8220;|||&#8220;][et_pb_text admin_label=&#8220;Text&#8220; _builder_version=&#8220;4.16&#8243; text_font=&#8220;Source Sans Pro|on|||&#8220; text_text_color=&#8220;#859496&#8243; text_font_size=&#8220;18&#8243; text_line_height=&#8220;1.4em&#8220; background_size=&#8220;initial&#8220; background_position=&#8220;top_left&#8220; background_repeat=&#8220;repeat&#8220; custom_margin=&#8220;||8px|&#8220; use_border_color=&#8220;off&#8220; border_color=&#8220;#ffffff&#8220; border_style=&#8220;solid&#8220; global_colors_info=&#8220;{}&#8220;]<\/p>\n<p>COMPANY<\/p>\n<p>[\/et_pb_text][et_pb_text admin_label=&#8220;Text&#8220; _builder_version=&#8220;4.16&#8243; text_font=&#8220;Source Sans Pro||||&#8220; text_text_color=&#8220;#859496&#8243; text_font_size=&#8220;18&#8243; text_line_height=&#8220;2.2em&#8220; background_size=&#8220;initial&#8220; background_position=&#8220;top_left&#8220; background_repeat=&#8220;repeat&#8220; background_layout=&#8220;dark&#8220; custom_padding=&#8220;0px|||&#8220; use_border_color=&#8220;off&#8220; border_color=&#8220;#ffffff&#8220; border_style=&#8220;solid&#8220; text_text_align=&#8220;left&#8220; global_colors_info=&#8220;{}&#8220;]<\/p>\n<p><span style=\"color: #ffffff;\"><a style=\"color: #859496;\" href=\"#impressum\">IMPRESSUM<\/a><\/span><br \/><span style=\"color: #ffffff;\"><a style=\"color: #859496;\" href=\"https:\/\/grafixerin.com\/?page_id=79\">AGB<\/a><\/span><br \/><span style=\"color: #ffffff;\"><a style=\"color: #859496;\" href=\"#dsgvo\">DSGVO<\/a><\/span><br \/><span style=\"color: #ffffff;\"><a style=\"color: #859496;\" href=\"#\">Community Meetups<\/a><\/span><br \/><span style=\"color: #ffffff;\"><a style=\"color: #859496;\" href=\"#\">Privacy Policy<\/a><\/span><\/p>\n<p>[\/et_pb_text][\/et_pb_column][et_pb_column type=&#8220;1_4&#8243; _builder_version=&#8220;4.16&#8243; custom_padding=&#8220;|||&#8220; global_colors_info=&#8220;{}&#8220; custom_padding__hover=&#8220;|||&#8220;][et_pb_text admin_label=&#8220;Text&#8220; _builder_version=&#8220;4.16&#8243; text_font=&#8220;Source Sans Pro|on|||&#8220; text_text_color=&#8220;#859496&#8243; text_font_size=&#8220;18&#8243; text_line_height=&#8220;1.4em&#8220; background_size=&#8220;initial&#8220; background_position=&#8220;top_left&#8220; background_repeat=&#8220;repeat&#8220; custom_margin=&#8220;||8px|&#8220; use_border_color=&#8220;off&#8220; border_color=&#8220;#ffffff&#8220; border_style=&#8220;solid&#8220; global_colors_info=&#8220;{}&#8220;]<\/p>\n<p>PARTNERS<\/p>\n<p>[\/et_pb_text][et_pb_text admin_label=&#8220;Text&#8220; _builder_version=&#8220;4.24.3&#8243; text_font=&#8220;Source Sans Pro||||&#8220; text_text_color=&#8220;#ffffff&#8220; text_font_size=&#8220;18&#8243; text_line_height=&#8220;2.2em&#8220; background_size=&#8220;initial&#8220; background_position=&#8220;top_left&#8220; background_repeat=&#8220;repeat&#8220; custom_padding=&#8220;0px|||&#8220; use_border_color=&#8220;off&#8220; border_color=&#8220;#ffffff&#8220; border_style=&#8220;solid&#8220; global_colors_info=&#8220;{}&#8220;]<\/p>\n<p><span style=\"color: #ffffff;\"><a style=\"color: #859496;\" href=\"https:\/\/greenwebspace.com\/\" target=\"_blank\" rel=\"noopener noreferrer\">Greenwebspace<\/a><\/span><br \/><span style=\"color: #ffffff;\"><a style=\"color: #859496;\" href=\"http:\/\/mso365.cloud\/\" target=\"_blank\" rel=\"noopener noreferrer\">MSO365.cloud<\/a><\/span><br \/><span style=\"color: #ffffff;\"><br \/><\/span><\/p>\n<p>[\/et_pb_text][\/et_pb_column][et_pb_column type=&#8220;1_4&#8243; _builder_version=&#8220;4.16&#8243; global_colors_info=&#8220;{}&#8220;][et_pb_blurb title=&#8220;CO2-Neutrale Website&#8220; url=&#8220;https:\/\/greenwebspace.com\/co2neutral\/unsere-loesung.php&#8220; url_new_window=&#8220;on&#8220; image=&#8220;https:\/\/grafixerin.com\/wp-content\/uploads\/2019\/08\/CO2neutralmitBG.png&#8220; icon_placement=&#8220;left&#8220; _builder_version=&#8220;4.16&#8243; header_text_color=&#8220;#859496&#8243; body_text_color=&#8220;#859496&#8243; background_color=&#8220;rgba(0,0,0,0)&#8220; background_layout=&#8220;dark&#8220; custom_margin=&#8220;|0px|||false|false&#8220; global_colors_info=&#8220;{}&#8220;]<\/p>\n<p>100 % des CO2-Aussto\u00dfes meiner Webseite wird durch die Verwendung von \u00d6KO-Strom-Servern und mithilfe des Green-Webspace-Zertifikats sowie des GreenMail-Zertifikats kompensiert.<br \/> Meine Webseite ist absolut CO2-neutral und bringt gemeinsam mit Greenwebspace B\u00e4ume zum Wachsen!<\/p>\n<p>[\/et_pb_blurb][\/et_pb_column][\/et_pb_row][\/et_pb_section]<\/p>\n","protected":false},"excerpt":{"rendered":"<p>Downloadbereich Derzeit sind nicht alle Links aktiv, da einige Dokumente gerade umgestaltet und aktualisiert werden. Sobald neue Daten verf\u00fcgbar sind, stelle ich sie umgehend online.N\u00fctzliche Dateien die sich mit der Typografie und\/oder Layout-\/Gestaltungsfragen besch\u00e4ftigen: ANSI-Codes Farbpsychologie Gedankenstrich\u00a0 &amp; Co Gestaltungsgesetze Korrekturzeichen Logopr\u00fcfbogen Schreibweisen Schrift T\u00e4uschungen Wahrnehmung Checklisten und Hilfestellungen f\u00fcr den Umgang mit der Druckerei: [&hellip;]<\/p>\n","protected":false},"author":1,"featured_media":0,"parent":0,"menu_order":0,"comment_status":"closed","ping_status":"closed","template":"","meta":{"_et_pb_use_builder":"on","_et_pb_old_content":"","_et_gb_content_width":"","inline_featured_image":false},"_links":{"self":[{"href":"https:\/\/grafixerin.com\/index.php?rest_route=\/wp\/v2\/pages\/83"}],"collection":[{"href":"https:\/\/grafixerin.com\/index.php?rest_route=\/wp\/v2\/pages"}],"about":[{"href":"https:\/\/grafixerin.com\/index.php?rest_route=\/wp\/v2\/types\/page"}],"author":[{"embeddable":true,"href":"https:\/\/grafixerin.com\/index.php?rest_route=\/wp\/v2\/users\/1"}],"replies":[{"embeddable":true,"href":"https:\/\/grafixerin.com\/index.php?rest_route=%2Fwp%2Fv2%2Fcomments&post=83"}],"version-history":[{"count":18,"href":"https:\/\/grafixerin.com\/index.php?rest_route=\/wp\/v2\/pages\/83\/revisions"}],"predecessor-version":[{"id":4195,"href":"https:\/\/grafixerin.com\/index.php?rest_route=\/wp\/v2\/pages\/83\/revisions\/4195"}],"wp:attachment":[{"href":"https:\/\/grafixerin.com\/index.php?rest_route=%2Fwp%2Fv2%2Fmedia&parent=83"}],"curies":[{"name":"wp","href":"https:\/\/api.w.org\/{rel}","templated":true}]}}